{"id":98,"date":"2022-12-13T03:08:06","date_gmt":"2022-12-13T09:08:06","guid":{"rendered":"https:\/\/culturebody.com.mx\/?page_id=98"},"modified":"2023-10-18T20:29:04","modified_gmt":"2023-10-19T02:29:04","slug":"nosotros","status":"publish","type":"page","link":"https:\/\/culturebody.com.mx\/zonareal\/nosotros\/","title":{"rendered":"Nosotros"},"content":{"rendered":"<p>[et_pb_section fb_built=\u00bb1&#8243; admin_label=\u00bbHeader\u00bb _builder_version=\u00bb4.20.0&#8243; background_color=\u00bb#efe5e5&#8243; use_background_color_gradient=\u00bboff\u00bb width=\u00bb100%\u00bb global_colors_info=\u00bb{}\u00bb][et_pb_row column_structure=\u00bb3_5,2_5&#8243; _builder_version=\u00bb4.16&#8243; global_colors_info=\u00bb{}\u00bb][et_pb_column type=\u00bb3_5&#8243; _builder_version=\u00bb4.16&#8243; z_index=\u00bb10&#8243; global_colors_info=\u00bb{}\u00bb][et_pb_text _builder_version=\u00bb4.20.0&#8243; header_font_size=\u00bb100px\u00bb header_2_font=\u00bbMontserrat|900|on||||||\u00bb header_2_font_size=\u00bb100px\u00bb custom_margin=\u00bb|0px|||false|false\u00bb header_2_font_size_tablet=\u00bb56px\u00bb header_2_font_size_phone=\u00bb32px\u00bb header_2_font_size_last_edited=\u00bbon|desktop\u00bb locked=\u00bboff\u00bb inline_fonts=\u00bbAbhaya Libre\u00bb global_colors_info=\u00bb{}\u00bb]<\/p>\n<h2><span style=\"color: #825a3c;\">Acerca de Nosotros<\/span><\/h2>\n<p>[\/et_pb_text][et_pb_text _builder_version=\u00bb4.20.0&#8243; text_font=\u00bbMontserrat||||||||\u00bb text_line_height=\u00bb1.8em\u00bb text_orientation=\u00bbjustified\u00bb width=\u00bb92%\u00bb custom_padding=\u00bb|7px||||\u00bb text_font_size_tablet=\u00bb15px\u00bb text_font_size_phone=\u00bb14px\u00bb text_font_size_last_edited=\u00bbon|desktop\u00bb global_colors_info=\u00bb{}\u00bb]<\/p>\n<div dir=\"auto\"><strong>CULTURE BODY<\/strong> &#8211;<\/div>\n<div dir=\"auto\"><span>Desde 2003 somos los pioneros de Pilates en Guadalajara, contamos con instructores altamente capacitados y certificados en todos los niveles de Pilates. Nuestros instructores te asesorar\u00e1n para realizar cada ejercicio de forma correcta y segura, lo que lo hace recomendado para cualquier persona que busque una manera efectiva y agradable de mantenerse en forma y mejorar su salud.<\/span><\/div>\n<div dir=\"auto\">Nos certificaron varias escuelas de Estados Unidos como \u201cThe Pilates Coach\u201c, \u00abLeslee Bender\u00bb,\u00a0 \u00abJulian Literford\u00bb (Master en pilates), \u201cThe Pilates Method Alliance\u201d y otras escuelas nacionales como Tita Ortega, Wendy Covarrubias, Jos\u00e9 de Le\u00f3n, etc.<\/div>\n<div dir=\"auto\"><\/div>\n<div dir=\"auto\">La empresa l\u00edder en la pr\u00e1ctica de Pilates por su trabajo t\u00e9cnico y especializado es <strong>CULTURE BODY<\/strong>, contamos con el m\u00e9todo Joseph Pilates en Reformers, Lader Barrel, Wunda Chair, Aro Flexible, Half trapecio, Mat, Bosu, Big ball, Banda el\u00e1stica y Mini ball.<\/div>\n<div dir=\"auto\"><\/div>\n<p>[\/et_pb_text][\/et_pb_column][et_pb_column type=\u00bb2_5&#8243; _builder_version=\u00bb4.16&#8243; global_colors_info=\u00bb{}\u00bb][et_pb_image src=\u00bbhttps:\/\/culturebody.com.mx\/zonareal\/wp-content\/uploads\/2023\/02\/S3-de-colores.jpg\u00bb title_text=\u00bbS3 de colores\u00bb _builder_version=\u00bb4.20.0&#8243; positioning=\u00bbabsolute\u00bb position_origin_a=\u00bbtop_right\u00bb custom_margin=\u00bb|-10vw||-6vw|false|false\u00bb global_colors_info=\u00bb{}\u00bb][\/et_pb_image][et_pb_image src=\u00bbhttps:\/\/culturebody.com.mx\/zonareal\/wp-content\/uploads\/2023\/03\/T-PilatesR1.png\u00bb alt=\u00bbPilates Ball\u00bb title_text=\u00bbT-PilatesR1&#8243; _builder_version=\u00bb4.20.0&#8243; module_alignment=\u00bbcenter\u00bb custom_margin=\u00bb|-8vw|||false|false\u00bb custom_margin_tablet=\u00bb0vw||||false|false\u00bb custom_margin_last_edited=\u00bboff|desktop\u00bb custom_padding=\u00bb||||false|false\u00bb scroll_horizontal_motion_enable=\u00bbon\u00bb scroll_horizontal_motion=\u00bb0|0|0|100|0|0|1&#8243; motion_trigger_start=\u00bbbottom\u00bb locked=\u00bboff\u00bb global_colors_info=\u00bb{}\u00bb][\/et_pb_image][\/et_pb_column][\/et_pb_row][\/et_pb_section][et_pb_section fb_built=\u00bb1&#8243; admin_label=\u00bbFeatures\u00bb _builder_version=\u00bb4.16&#8243; global_colors_info=\u00bb{}\u00bb][et_pb_row column_structure=\u00bb1_2,1_2&#8243; _builder_version=\u00bb4.16&#8243; global_colors_info=\u00bb{}\u00bb][et_pb_column type=\u00bb1_2&#8243; _builder_version=\u00bb4.16&#8243; global_colors_info=\u00bb{}\u00bb][et_pb_text _builder_version=\u00bb4.19.3&#8243; header_2_font=\u00bbMontserrat|900|on||||||\u00bb header_2_font_size=\u00bb60px\u00bb header_2_line_height=\u00bb1.2em\u00bb custom_margin=\u00bb||||false|false\u00bb header_2_font_size_tablet=\u00bb36px\u00bb header_2_font_size_phone=\u00bb24px\u00bb header_2_font_size_last_edited=\u00bbon|phone\u00bb locked=\u00bboff\u00bb global_colors_info=\u00bb{}\u00bb]<\/p>\n<h2>Hablemos de Pilates<\/h2>\n<p>[\/et_pb_text][et_pb_text _builder_version=\u00bb4.20.0&#8243; text_font=\u00bbMontserrat||||||||\u00bb text_font_size=\u00bb15px\u00bb text_line_height=\u00bb1.8em\u00bb header_3_font=\u00bbMontserrat|900|on||||||\u00bb header_3_font_size=\u00bb30px\u00bb header_3_line_height=\u00bb1.4em\u00bb header_4_font=\u00bbMontserrat|900|on||||||\u00bb header_4_font_size=\u00bb64px\u00bb header_4_line_height=\u00bb1.4em\u00bb background_color=\u00bbgcid-44e2a5a8-17d5-4d78-ba97-b71ec40391bc\u00bb background_layout=\u00bbdark\u00bb custom_margin=\u00bb||36px|||\u00bb custom_padding=\u00bb60px|60px|60px|60px|true|true\u00bb custom_padding_tablet=\u00bb40px|30px|40px|30px|true|true\u00bb custom_padding_phone=\u00bb30px|20px|30px|20px|true|true\u00bb custom_padding_last_edited=\u00bbon|phone\u00bb text_font_size_tablet=\u00bb\u00bb text_font_size_phone=\u00bb14px\u00bb text_font_size_last_edited=\u00bbon|phone\u00bb locked=\u00bboff\u00bb global_colors_info=\u00bb{%22gcid-44e2a5a8-17d5-4d78-ba97-b71ec40391bc%22:%91%22background_color%22%93}\u00bb]<\/p>\n<h4>01<\/h4>\n<h3>HISTORIA DE LA T\u00c9CNICA DE PILATES: SU CREADOR, VIDA Y OBRA<\/h3>\n<div dir=\"auto\"><\/div>\n<div dir=\"auto\">\n<p style=\"text-align: justify;\">La t\u00e9cnica de Pilates toma su nombre de su creador, Joseph H. Pilates, quien naci\u00f3 en Dusseldorf Alemania en 1880, fue reconocido como un ni\u00f1o enfermizo, padeci\u00f3 asma, raquitismo y fiebre reum\u00e1tica, pasados los a\u00f1os logr\u00f3 sobreponerse y logro ser reconocido por sus notables dotes atl\u00e9ticos en la gimnasia, en el box e incluso en el circo.<br \/>Fue hasta los a\u00f1os cuarenta cuando Joseph Pilates al ser internado en los campos ingleses durante la segunda guerra mundial, puso en pr\u00e1ctica sus habilidades adquiridas entrenando a los prisioneros de guerra en las pr\u00e1cticas de ejercicios de piso, particip\u00f3 activamente en la rehabilitaci\u00f3n improvisando art\u00edculos para hacer ejercicios juntando dos camas de resortes en varias posiciones para que los pacientes que se estaban rehabilitando se recuperaran de sus lesiones.<br \/>Terminada la primera guerra mundial emigra a buscar fortuna en New York, donde inici\u00f3 a dirigir su propio estudio de lo que el llamo originalmente Condrolog\u00eda, el control de la mente y el cuerpo. Atendi\u00f3 de forma regular a personas con problemas de movilidad y con poca destreza f\u00edsica producto de padecimientos cr\u00f3nicos que lograron mejorar gracias a los tratamientos que \u00e9ste aplicaba, eso le vali\u00f3 el reconocimiento de la comunidad en el mundo de la fisioterapia, dado que Joseph P. contaba con un entendimiento completo de la anatom\u00eda humana.<br \/>Pasados los a\u00f1os se aclient\u00f3 de bailarines famosos que buscaban mejorarse o recuperar la t\u00e9cnica profesional, despu\u00e9s notables personalidades de Hollywood y diversos deportistas recurr\u00edan a la t\u00e9cnica que defin\u00edan ellos mismos como la t\u00e9cnica de Pilates.<\/p>\n<p>&nbsp;<\/p>\n<\/div>\n<p>[\/et_pb_text][et_pb_image src=\u00bbhttps:\/\/culturebody.com.mx\/zonareal\/wp-content\/uploads\/2023\/02\/Sello-Culture-Body-04-600&#215;600-1.jpg\u00bb title_text=\u00bbSello Culture Body-04 600&#215;600&#8243; _builder_version=\u00bb4.20.0&#8243; _module_preset=\u00bbdefault\u00bb custom_margin=\u00bb43px|||||\u00bb global_colors_info=\u00bb{}\u00bb][\/et_pb_image][\/et_pb_column][et_pb_column type=\u00bb1_2&#8243; _builder_version=\u00bb4.16&#8243; global_colors_info=\u00bb{}\u00bb][et_pb_text _builder_version=\u00bb4.20.0&#8243; text_font=\u00bbMontserrat||||||||\u00bb text_font_size=\u00bb15px\u00bb text_line_height=\u00bb1.8em\u00bb header_3_font=\u00bbMontserrat|900|on||||||\u00bb header_3_font_size=\u00bb30px\u00bb header_3_line_height=\u00bb1.4em\u00bb header_4_font=\u00bbMontserrat|900|on||||||\u00bb header_4_font_size=\u00bb64px\u00bb header_4_line_height=\u00bb1.4em\u00bb background_color=\u00bbgcid-32d1ee6b-8c75-4050-ac36-6ad3b49a1e13&#8243; background_layout=\u00bbdark\u00bb custom_padding=\u00bb60px|60px|60px|60px|true|true\u00bb custom_padding_tablet=\u00bb40px|30px|40px|30px|true|true\u00bb custom_padding_phone=\u00bb30px|20px|30px|20px|true|true\u00bb custom_padding_last_edited=\u00bbon|phone\u00bb text_font_size_tablet=\u00bb\u00bb text_font_size_phone=\u00bb14px\u00bb text_font_size_last_edited=\u00bbon|phone\u00bb locked=\u00bboff\u00bb global_colors_info=\u00bb{%22gcid-32d1ee6b-8c75-4050-ac36-6ad3b49a1e13%22:%91%22background_color%22%93}\u00bb]<\/p>\n<h4>02<\/h4>\n<h3>\u00bfQU\u00c9 ES PILATES REFORMER?<\/h3>\n<p style=\"text-align: justify;\">Pilates reformer es un entrenamiento s\u00faper completo muy efectivo para bajar de talla, tonificar, mejorar postura, fortalecer toda la columna y ganar mucha flexibilidad y resistencia. Se realizan en una cama especializada llamada reformer, donde se trabaja todo el cuerpo de forma integral y al ser un ejercicio de bajo impacto evitas lesiones, no est\u00e1 contraindicado en personas embarazadas o que tengan alguna lesi\u00f3n o padecimiento previo.<\/p>\n<p>[\/et_pb_text][et_pb_text _builder_version=\u00bb4.20.0&#8243; text_font=\u00bbMontserrat||||||||\u00bb text_font_size=\u00bb15px\u00bb text_line_height=\u00bb1.8em\u00bb header_3_font=\u00bbMontserrat|900|on||||||\u00bb header_3_font_size=\u00bb30px\u00bb header_3_line_height=\u00bb1.4em\u00bb header_4_font=\u00bbMontserrat|900|on||||||\u00bb header_4_font_size=\u00bb64px\u00bb header_4_line_height=\u00bb1.4em\u00bb background_color=\u00bbgcid-b4e32ee6-7b72-4318-90f3-8a18c5fe1871&#8243; background_layout=\u00bbdark\u00bb custom_padding=\u00bb60px|60px|60px|60px|true|true\u00bb custom_padding_tablet=\u00bb40px|30px|40px|30px|true|true\u00bb custom_padding_phone=\u00bb30px|20px|30px|20px|true|true\u00bb custom_padding_last_edited=\u00bbon|phone\u00bb text_font_size_tablet=\u00bb\u00bb text_font_size_phone=\u00bb14px\u00bb text_font_size_last_edited=\u00bbon|phone\u00bb locked=\u00bboff\u00bb global_colors_info=\u00bb{%22gcid-b4e32ee6-7b72-4318-90f3-8a18c5fe1871%22:%91%22background_color%22%93}\u00bb]<\/p>\n<h4>03<\/h4>\n<h3>LOS BENEFICIOS DE LA PR\u00c1CTICA DE PILATES<\/h3>\n<p style=\"text-align: justify;\">En la actualidad el m\u00e9todo Pilates es un completo y cuidadoso programa de acondicionamiento f\u00edsico y mental con un campo de ejercicios potenciales en expansi\u00f3n, muchos de los movimientos terap\u00e9uticos dise\u00f1ados para ayudar en la rehabilitaci\u00f3n de lesiones se pueden intensificar para hacerlos m\u00e1s desafiantes para los atletas experimentados que buscan mejorar la simetr\u00eda muscular, el balance y el perfeccionamiento de la t\u00e9cnica. Adem\u00e1s en la b\u00fasqueda de mejorar la est\u00e9tica.<\/p>\n<p style=\"text-align: justify;\">\u00bfSE PUEDE COMBINAR CON OTRAS T\u00c9CNICAS?<br \/>En CULTURE BODY contamos con una agenda de entrenamientos que cubre las necesidades de cualquier grupo de personas y logramos dise\u00f1ar un programa en donde se puede experimentar un trabajo CARDIOVASCULAR de buena calidad as\u00ed como un trabajo de RESISTENCIA MUSCULAR donde no solo se involucra la gran masa muscular sino tambi\u00e9n la musculatura peque\u00f1a y finalmente el ESTIRAMIENTO de importancia hasta el momento no reconocida en la pr\u00e1ctica de oras disciplinas.<\/p>\n<p style=\"text-align: justify;\">\u00bfQU\u00c9 GRADO DE CAPACITACI\u00d3N TIENEN LOS INTRUCTORES?<br \/>El compromiso de nuestro equipo de trabajo es llevar a los practicantes de Pilates una t\u00e9cnica segura y hacer un manejo responsable de los ejercicios por niveles de adiestramiento, por lo cual contamos con capacitaciones desde las yoga, pasando por la rehabilitaci\u00f3n f\u00edsica, la danza, las artes marciales, el atletismo, la nataci\u00f3n, el ciclismo y la preparaci\u00f3n f\u00edsica de alto rendimiento en general. Por supuesto que contamos con el reconocimiento de las t\u00e9cnicas m\u00e1s novedosas en el mercado del m\u00e9todo Pilates, PILATES LONDON Y PILATES COACH, participamos activamente en congresos internacionales donde hemos podido constatar nuestro nivel de profesionalismo.<\/p>\n<p>[\/et_pb_text][et_pb_divider show_divider=\u00bboff\u00bb _builder_version=\u00bb4.20.4&#8243; _module_preset=\u00bbdefault\u00bb min_height=\u00bb0.8px\u00bb global_colors_info=\u00bb{}\u00bb][\/et_pb_divider][et_pb_button button_url=\u00bb@ET-DC@eyJkeW5hbWljIjp0cnVlLCJjb250ZW50IjoicG9zdF9saW5rX3VybF9wYWdlIiwic2V0dGluZ3MiOnsicG9zdF9pZCI6IjIwOCJ9fQ==@\u00bb button_text=\u00bbEmpieza reservando una clase de prueba\u00bb _builder_version=\u00bb4.22.2&#8243; _dynamic_attributes=\u00bbbutton_url\u00bb custom_button=\u00bbon\u00bb button_text_size=\u00bb14px\u00bb button_bg_color=\u00bbgcid-c699ff22-c6af-4f1e-8b5a-141dd7c4ac3c\u00bb button_border_color=\u00bbrgba(0,0,0,0)\u00bb button_border_radius=\u00bb0px\u00bb button_letter_spacing=\u00bb2px\u00bb button_font=\u00bbMontserrat|700||on|||||\u00bb button_icon=\u00bb&#x24;||divi||400&#8243; background_layout=\u00bbdark\u00bb custom_margin=\u00bb30px||||false|false\u00bb custom_margin_phone=\u00bb|||60px|false|false\u00bb custom_margin_last_edited=\u00bboff|desktop\u00bb custom_padding=\u00bb15px|40px|15px|40px|true|true\u00bb custom_padding_last_edited=\u00bboff|phone\u00bb hover_enabled=\u00bb0&#8243; locked=\u00bboff\u00bb global_colors_info=\u00bb{%22gcid-c699ff22-c6af-4f1e-8b5a-141dd7c4ac3c%22:%91%22button_bg_color%22%93}\u00bb sticky_enabled=\u00bb0&#8243;][\/et_pb_button][\/et_pb_column][\/et_pb_row][\/et_pb_section][et_pb_section fb_built=\u00bb1&#8243; admin_label=\u00bbGallery\u00bb _builder_version=\u00bb4.16&#8243; global_colors_info=\u00bb{}\u00bb][et_pb_row column_structure=\u00bb1_3,1_3,1_3&#8243; _builder_version=\u00bb4.16&#8243; global_colors_info=\u00bb{}\u00bb][et_pb_column type=\u00bb1_3&#8243; _builder_version=\u00bb4.16&#8243; global_colors_info=\u00bb{}\u00bb][et_pb_image src=\u00bbhttps:\/\/culturebody.com.mx\/zonareal\/wp-content\/uploads\/2022\/12\/N-1-800&#215;800-1.jpg\u00bb alt=\u00bbWhere foucs goes energy flows\u00bb title_text=\u00bbWhere foucs goes energy flows\u00bb _builder_version=\u00bb4.20.4&#8243; locked=\u00bboff\u00bb global_colors_info=\u00bb{}\u00bb][\/et_pb_image][et_pb_image src=\u00bbhttps:\/\/culturebody.com.mx\/zonareal\/wp-content\/uploads\/2022\/12\/N-2-800&#215;800-1.jpg\u00bb title_text=\u00bbCulture Body Studio\u00bb _builder_version=\u00bb4.20.4&#8243; locked=\u00bboff\u00bb global_colors_info=\u00bb{}\u00bb][\/et_pb_image][\/et_pb_column][et_pb_column type=\u00bb1_3&#8243; _builder_version=\u00bb4.16&#8243; global_colors_info=\u00bb{}\u00bb][et_pb_image src=\u00bbhttps:\/\/culturebody.com.mx\/zonareal\/wp-content\/uploads\/2022\/12\/N-4-800&#215;1200-1.jpg\u00bb title_text=\u00bbN 4 800&#215;1200&#8243; _builder_version=\u00bb4.20.4&#8243; locked=\u00bboff\u00bb global_colors_info=\u00bb{}\u00bb][\/et_pb_image][et_pb_image src=\u00bbhttps:\/\/culturebody.com.mx\/zonareal\/wp-content\/uploads\/2022\/12\/N-5-1200&#215;800-1.jpg\u00bb title_text=\u00bbN 5 1200&#215;800&#8243; _builder_version=\u00bb4.20.4&#8243; locked=\u00bboff\u00bb global_colors_info=\u00bb{}\u00bb][\/et_pb_image][\/et_pb_column][et_pb_column type=\u00bb1_3&#8243; _builder_version=\u00bb4.16&#8243; global_colors_info=\u00bb{}\u00bb][et_pb_image src=\u00bbhttps:\/\/culturebody.com.mx\/zonareal\/wp-content\/uploads\/2022\/12\/N-3-800&#215;800-1.jpg\u00bb alt=\u00bbBe kind to your mind\u00bb title_text=\u00bbBe kind to your mind\u00bb _builder_version=\u00bb4.20.4&#8243; locked=\u00bboff\u00bb global_colors_info=\u00bb{}\u00bb][\/et_pb_image][et_pb_image src=\u00bbhttps:\/\/culturebody.com.mx\/zonareal\/wp-content\/uploads\/2023\/02\/Full-Mid-Body.png\u00bb title_text=\u00bbFull Mind &#038; Body\u00bb _builder_version=\u00bb4.20.4&#8243; _module_preset=\u00bbdefault\u00bb global_colors_info=\u00bb{}\u00bb][\/et_pb_image][\/et_pb_column][\/et_pb_row][\/et_pb_section][et_pb_section fb_built=\u00bb1&#8243; admin_label=\u00bbSubscribe\u00bb _builder_version=\u00bb4.20.0&#8243; background_color=\u00bbgcid-435873a0-7a65-4e45-bc20-a688042c52aa\u00bb background_color_gradient_stops=\u00bbgcid-32d1ee6b-8c75-4050-ac36-6ad3b49a1e13 50%|rgba(0,0,0,0) 50%\u00bb background_color_gradient_overlays_image=\u00bbon\u00bb background_color_gradient_start=\u00bb#3e22ff\u00bb background_color_gradient_start_position=\u00bb50%\u00bb background_color_gradient_end=\u00bbrgba(0,0,0,0)\u00bb background_color_gradient_end_position=\u00bb0%\u00bb background_image=\u00bbhttps:\/\/culturebody.com.mx\/zonareal\/wp-content\/uploads\/2023\/02\/IMG_0979-AR-ST.jpg\u00bb background_size=\u00bbcustom\u00bb min_height=\u00bb299.6px\u00bb overflow-x=\u00bbhidden\u00bb overflow-y=\u00bbhidden\u00bb custom_margin=\u00bb-26px||||false|false\u00bb custom_padding=\u00bb0px||1px|||\u00bb background_color_phone=\u00bbgcid-44e2a5a8-17d5-4d78-ba97-b71ec40391bc\u00bb background_last_edited=\u00bbon|phone\u00bb background_enable_color_phone=\u00bbon\u00bb box_shadow_style=\u00bbpreset7&#8243; box_shadow_horizontal=\u00bb0px\u00bb box_shadow_vertical=\u00bb-240px\u00bb box_shadow_color=\u00bb#ffffff\u00bb global_module=\u00bb177&#8243; saved_tabs=\u00bball\u00bb locked=\u00bboff\u00bb collapsed=\u00bbon\u00bb global_colors_info=\u00bb{%22gcid-435873a0-7a65-4e45-bc20-a688042c52aa%22:%91%22background_color_gradient_stops%22%93,%22gcid-44e2a5a8-17d5-4d78-ba97-b71ec40391bc%22:%91%22background_color_gradient_stops%22%93,%22gcid-9f048396-93ae-4050-8e58-d5b2310f0a53%22:%91%22background_color_gradient_stops%22%93,%22gcid-980f714e-98eb-4447-a8f2-2db2fab32702%22:%91%22background_color_gradient_stops%22%93,%22gcid-071199ed-733d-45e0-80f8-3dbad9406c31%22:%91%22background_color_gradient_stops%22%93,%22gcid-32d1ee6b-8c75-4050-ac36-6ad3b49a1e13%22:%91%22background_color_gradient_stops%22%93,%22gcid-8fc1d1c4-e004-480a-9801-25e20ace1659%22:%91%22background_color%22%93}\u00bb][et_pb_row _builder_version=\u00bb4.16&#8243; custom_margin=\u00bb-51px|auto||auto|false|false\u00bb global_colors_info=\u00bb{}\u00bb][et_pb_column type=\u00bb4_4&#8243; _builder_version=\u00bb4.16&#8243; global_colors_info=\u00bb{}\u00bb][et_pb_text _builder_version=\u00bb4.19.3&#8243; text_font=\u00bbMontserrat|900|||||||\u00bb header_font=\u00bbMontserrat||||||||\u00bb header_2_font=\u00bb|800|||||||\u00bb header_2_font_size=\u00bb76px\u00bb header_3_font=\u00bbAutour One|700|||||||\u00bb header_3_text_color=\u00bb#000000&#8243; header_3_font_size=\u00bb25px\u00bb header_3_line_height=\u00bb1.6em\u00bb background_layout=\u00bbdark\u00bb width=\u00bb100%\u00bb custom_margin=\u00bb20px||10px||false|false\u00bb custom_padding=\u00bb8px|0px||0px|false|true\u00bb text_font_size_tablet=\u00bb\u00bb text_font_size_phone=\u00bb14px\u00bb text_font_size_last_edited=\u00bbon|desktop\u00bb text_line_height_tablet=\u00bb1.6em\u00bb text_line_height_phone=\u00bb1.8em\u00bb text_line_height_last_edited=\u00bbon|tablet\u00bb header_2_line_height_tablet=\u00bb1.5em\u00bb header_2_line_height_phone=\u00bb1.6em\u00bb header_2_line_height_last_edited=\u00bbon|desktop\u00bb global_colors_info=\u00bb{}\u00bb]<\/p>\n<h2>Get<br \/>Movin\u2019<\/h2>\n<p>[\/et_pb_text][\/et_pb_column][\/et_pb_row][et_pb_row _builder_version=\u00bb4.20.0&#8243; background_enable_color=\u00bboff\u00bb z_index=\u00bb10&#8243; min_height=\u00bb671.5px\u00bb min_height_tablet=\u00bb\u00bb min_height_phone=\u00bb\u00bb min_height_last_edited=\u00bbon|phone\u00bb custom_margin=\u00bb61px|auto||auto||\u00bb global_module=\u00bb987498705&#8243; global_colors_info=\u00bb{}\u00bb][et_pb_column type=\u00bb4_4&#8243; _builder_version=\u00bb4.16&#8243; global_colors_info=\u00bb{}\u00bb][et_pb_text _builder_version=\u00bb4.20.0&#8243; header_font=\u00bbAboreto||||||||\u00bb header_2_font=\u00bbMontserrat|900|on||||||\u00bb header_2_font_size=\u00bb60px\u00bb header_2_line_height=\u00bb1.2em\u00bb background_color=\u00bbgcid-1844a9e9-a9a4-46d3-ae03-79ae1737b20f\u00bb max_width=\u00bb640px\u00bb custom_padding=\u00bb0px|50px|89px|50px|false|true\u00bb custom_padding_tablet=\u00bb40px|30px||30px|false|true\u00bb custom_padding_phone=\u00bb30px|20px||20px|false|true\u00bb custom_padding_last_edited=\u00bbon|phone\u00bb scroll_horizontal_motion_enable=\u00bbon\u00bb scroll_horizontal_motion=\u00bb0|50|50|100|2|0|0&#8243; header_2_font_size_tablet=\u00bb36px\u00bb header_2_font_size_phone=\u00bb24px\u00bb header_2_font_size_last_edited=\u00bbon|tablet\u00bb box_shadow_style=\u00bbpreset2&#8243; box_shadow_horizontal=\u00bb0px\u00bb box_shadow_vertical=\u00bb25px\u00bb box_shadow_blur=\u00bb85px\u00bb inline_fonts=\u00bbBaskervville\u00bb global_colors_info=\u00bb{%22gcid-1844a9e9-a9a4-46d3-ae03-79ae1737b20f%22:%91%22background_color%22%93}\u00bb]<\/p>\n<h2><span style=\"color: #996846; font-family: Baskervville; font-weight: normal;\">Suscr\u00edbete para enterarte de nuestras promociones<\/span><\/h2>\n<p>[\/et_pb_text][et_pb_signup mailchimp_list=\u00bbM\u00f3nica Berrueta|63ee191cc7&#8243; layout=\u00bbtop_bottom\u00bb success_message=\u00bbGracias por suscribirte a nuestro bolet\u00edn\u00bb button_text=\u00bbSuscr\u00edbete ahora\u00bb use_spam_service=\u00bbon\u00bb recaptcha_list=\u00bbculturebodycommx|culturebodycommx-0&#8243; _builder_version=\u00bb4.20.2&#8243; body_font=\u00bbMontserrat||||||||\u00bb body_font_size=\u00bb16px\u00bb body_line_height=\u00bb1.8em\u00bb background_color=\u00bbrgba(0,0,0,0.34)\u00bb custom_button=\u00bbon\u00bb button_text_size=\u00bb14px\u00bb button_bg_color=\u00bbrgba(231,210,244,0.73)\u00bb button_border_color=\u00bbrgba(0,0,0,0)\u00bb button_border_radius=\u00bb0px\u00bb button_letter_spacing=\u00bb2px\u00bb button_font=\u00bbMontserrat|700||on|||||\u00bb button_icon=\u00bb&#x24;||divi||400&#8243; button_custom_padding=\u00bb15px|40px|15px|40px|true|true\u00bb max_width=\u00bb600px\u00bb max_width_tablet=\u00bb500px\u00bb max_width_phone=\u00bb\u00bb max_width_last_edited=\u00bbon|phone\u00bb module_alignment=\u00bbcenter\u00bb custom_margin=\u00bb-130px||||false|false\u00bb custom_padding=\u00bb34px|50px|60px|50px|false|true\u00bb scroll_scaling_enable=\u00bbon\u00bb motion_trigger_start=\u00bbtop\u00bb border_radii_fields=\u00bbon|0px|0px|0px|0px\u00bb locked=\u00bboff\u00bb global_colors_info=\u00bb{}\u00bb][\/et_pb_signup][\/et_pb_column][\/et_pb_row][\/et_pb_section][et_pb_section fb_built=\u00bb1&#8243; admin_label=\u00bbFooter\u00bb _builder_version=\u00bb4.20.0&#8243; background_color=\u00bbgcid-8fc1d1c4-e004-480a-9801-25e20ace1659&#8243; use_background_color_gradient=\u00bboff\u00bb custom_padding=\u00bb0px|||||\u00bb top_divider_style=\u00bbcurve\u00bb top_divider_color=\u00bbgcid-385ec7a6-371e-4be5-9953-83017c7768cd\u00bb locked=\u00bboff\u00bb global_colors_info=\u00bb{%22gcid-385ec7a6-371e-4be5-9953-83017c7768cd%22:%91%22top_divider_color%22%93}\u00bb][\/et_pb_section]<\/p>\n","protected":false},"excerpt":{"rendered":"<p>Acerca de NosotrosCULTURE BODY &#8211; Desde 2003 somos los pioneros de Pilates en Guadalajara, contamos con instructores altamente capacitados y certificados en todos los niveles de Pilates. Nuestros instructores te asesorar\u00e1n para realizar cada ejercicio de forma correcta y segura, lo que lo hace recomendado para cualquier persona que busque una manera efectiva y agradable [&hellip;]<\/p>\n","protected":false},"author":477,"featured_media":0,"parent":0,"menu_order":0,"comment_status":"closed","ping_status":"closed","template":"","meta":{"_et_pb_use_builder":"on","_et_pb_old_content":"","_et_gb_content_width":"","footnotes":""},"class_list":["post-98","page","type-page","status-publish","hentry"],"_links":{"self":[{"href":"https:\/\/culturebody.com.mx\/zonareal\/wp-json\/wp\/v2\/pages\/98","targetHints":{"allow":["GET"]}}],"collection":[{"href":"https:\/\/culturebody.com.mx\/zonareal\/wp-json\/wp\/v2\/pages"}],"about":[{"href":"https:\/\/culturebody.com.mx\/zonareal\/wp-json\/wp\/v2\/types\/page"}],"author":[{"embeddable":true,"href":"https:\/\/culturebody.com.mx\/zonareal\/wp-json\/wp\/v2\/users\/477"}],"replies":[{"embeddable":true,"href":"https:\/\/culturebody.com.mx\/zonareal\/wp-json\/wp\/v2\/comments?post=98"}],"version-history":[{"count":26,"href":"https:\/\/culturebody.com.mx\/zonareal\/wp-json\/wp\/v2\/pages\/98\/revisions"}],"predecessor-version":[{"id":987500318,"href":"https:\/\/culturebody.com.mx\/zonareal\/wp-json\/wp\/v2\/pages\/98\/revisions\/987500318"}],"wp:attachment":[{"href":"https:\/\/culturebody.com.mx\/zonareal\/wp-json\/wp\/v2\/media?parent=98"}],"curies":[{"name":"wp","href":"https:\/\/api.w.org\/{rel}","templated":true}]}}