{"id":265,"date":"2022-12-16T14:21:17","date_gmt":"2022-12-16T20:21:17","guid":{"rendered":"https:\/\/culturebody.com.mx\/?page_id=265"},"modified":"2025-11-09T15:36:23","modified_gmt":"2025-11-09T21:36:23","slug":"mis-reservas","status":"publish","type":"page","link":"https:\/\/culturebody.com.mx\/zonareal\/mis-reservas\/","title":{"rendered":"Mis Reservas"},"content":{"rendered":"<p>[et_pb_section fb_built=\u00bb1&#8243; _builder_version=\u00bb4.20.0&#8243; _module_preset=\u00bbdefault\u00bb custom_padding=\u00bb31px|6px|0px|||\u00bb locked=\u00bboff\u00bb global_colors_info=\u00bb{}\u00bb][\/et_pb_section][et_pb_section fb_built=\u00bb1&#8243; _builder_version=\u00bb4.20.0&#8243; _module_preset=\u00bbe3617fd6-7541-424b-9dca-1583a758acc8&#8243; custom_padding=\u00bb31px||0px|||\u00bb locked=\u00bboff\u00bb global_colors_info=\u00bb{}\u00bb][et_pb_row _builder_version=\u00bb4.20.0&#8243; _module_preset=\u00bbdefault\u00bb width=\u00bb85%\u00bb custom_padding=\u00bb||0px|||\u00bb global_colors_info=\u00bb{}\u00bb][et_pb_column type=\u00bb4_4&#8243; _builder_version=\u00bb4.20.0&#8243; _module_preset=\u00bbdefault\u00bb global_colors_info=\u00bb{}\u00bb][et_pb_text _builder_version=\u00bb4.22.1&#8243; _module_preset=\u00bb6a3c9684-f627-4980-b04c-a71e61ea9886&#8243; header_font_size=\u00bb29px\u00bb header_2_font=\u00bbMontserrat|900|on||||||\u00bb header_2_font_size=\u00bb70px\u00bb custom_margin=\u00bb||53px||false|false\u00bb header_2_font_size_tablet=\u00bb56px\u00bb header_2_font_size_phone=\u00bb32px\u00bb header_2_font_size_last_edited=\u00bbon|desktop\u00bb locked=\u00bboff\u00bb global_colors_info=\u00bb{}\u00bb]<\/p>\n<h2><span style=\"color: #825a3c;\">Mis Reservas<\/span><span style=\"color: #825a3c;\"><\/span><\/h2>\n<h1><span style=\"text-decoration: underline; color: #f58b75;\"><span><strong>&gt; Sucursal: Zona Real<\/strong><\/span><\/span><span style=\"color: #f58b75;\"><\/span><\/h1>\n<p><strong>* Aseg\u00farate de iniciar sesi\u00f3n en la sucursal donde te hayas registrado. Son independientes.<\/strong><\/p>\n<p>[\/et_pb_text][\/et_pb_column][\/et_pb_row][\/et_pb_section][et_pb_section fb_built=\u00bb1&#8243; _builder_version=\u00bb4.20.0&#8243; _module_preset=\u00bbdefault\u00bb background_color=\u00bb#fffaf6&#8243; use_background_color_gradient=\u00bboff\u00bb][et_pb_row _builder_version=\u00bb4.19.3&#8243; _module_preset=\u00bbdefault\u00bb custom_padding=\u00bb||17px|||\u00bb global_colors_info=\u00bb{}\u00bb][et_pb_column type=\u00bb4_4&#8243; _builder_version=\u00bb4.19.3&#8243; _module_preset=\u00bbdefault\u00bb global_colors_info=\u00bb{}\u00bb][divi_customer events=\u00bboff\u00bb _builder_version=\u00bb4.19.5&#8243; _module_preset=\u00bbdefault\u00bb global_colors_info=\u00bb{}\u00bb][\/divi_customer][\/et_pb_column][\/et_pb_row][\/et_pb_section][et_pb_section fb_built=\u00bb1&#8243; _builder_version=\u00bb4.20.4&#8243; _module_preset=\u00bbdefault\u00bb background_color=\u00bb#fffaf6&#8243; use_background_color_gradient=\u00bboff\u00bb custom_padding=\u00bb0px|||||\u00bb][et_pb_row module_id=\u00bbNotas_mis_reservas\u00bb _builder_version=\u00bb4.20.4&#8243; _module_preset=\u00bbdefault\u00bb custom_padding=\u00bb||17px|||\u00bb global_colors_info=\u00bb{}\u00bb][et_pb_column type=\u00bb4_4&#8243; _builder_version=\u00bb4.19.3&#8243; _module_preset=\u00bbdefault\u00bb global_colors_info=\u00bb{}\u00bb][et_pb_text _builder_version=\u00bb4.24.0&#8243; _module_preset=\u00bbdefault\u00bb text_font=\u00bbMontserrat||||||||\u00bb text_font_size=\u00bb16px\u00bb text_line_height=\u00bb1.8em\u00bb header_2_text_color=\u00bbgcid-cbd78845-06ad-4c91-be9c-876a470659be\u00bb header_2_line_height=\u00bb1.5em\u00bb text_orientation=\u00bbjustified\u00bb min_height=\u00bb23px\u00bb custom_padding=\u00bb3px|||1px||\u00bb global_colors_info=\u00bb{%22gcid-cbd78845-06ad-4c91-be9c-876a470659be%22:%91%22header_2_text_color%22%93}\u00bb]<\/p>\n<p><span style=\"color: #ff0000;\">IMPORTANTE:<\/span><\/p>\n<p>* Algunos estados de las reservas:<\/p>\n<p><span style=\"color: #99cc00;\">Aprobado<\/span>: Esta reserva ha sido aprobada al contar con tu pago, deber\u00e1s presentarte en la fecha y hora programada.<\/p>\n<p><span style=\"color: #ffcc00;\">Pendiente<\/span>: Tienes un reserva hecha a tu nombre pero no tenemos registrado su correpondiente pago. Garantiza tus reservas haciendo el pago correspondiente o comprando un nuevo paquete. No podemos honrar reservas con estado pendiente por lo que te solicitamos efectuar tu pago por lo menos con 24 o 48 hrs de anticipaci\u00f3n a la fecha de tu cita.<\/p>\n<p><span style=\"color: #ff0000;\">Cancelada<\/span>: El cliente ha cancelado una cita o nos solicit\u00f3 hacerlo con anticipaci\u00f3n m\u00ednima de 12 hrs.<\/p>\n<p><span style=\"color: #808080;\">Rechazado<\/span>: Regularmente aparece cuando ha habido alg\u00fan ajuste en la programaci\u00f3n de reservas por parte de Culture Body.<\/p>\n<p>&nbsp;<\/p>\n<p>* Si elegiste otro m\u00e9todo de pago diferente a Paypal o pago en l\u00ednea con tarjeta, te solicitamos que por favor nos hagas llegar el <strong><span style=\"color: #cc4d4d;\">comprobante de tu pago<\/span><\/strong> a la brevedad ya sea por correo a\u00a0 <a href=\"mailto:pagoszr@culturebody.com.mx\">pagoszr@culturebody.com.mx<\/a> o por WhatsApp al 33 1621 4436\u00a0 a fin de poder dar de alta tu paquete y puedas empezar a gestionar tus reservas.<\/p>\n<p>&nbsp;<\/p>\n<p>[\/et_pb_text][\/et_pb_column][\/et_pb_row][\/et_pb_section]<\/p>\n","protected":false},"excerpt":{"rendered":"<p>Mis Reservas &gt; Sucursal: Zona Real * Aseg\u00farate de iniciar sesi\u00f3n en la sucursal donde te hayas registrado. Son independientes.<div class=\"et_pb_module divi_customer divi_customer_0\">\n\t\t\t\t\n\t\t\t\t\n\t\t\t\t\n\t\t\t\t\n\t\t\t\t\n\t\t\t\t\n\t\t\t\t<div class=\"et_pb_module_inner\">\n\t\t\t\t\t\n<script>\nvar wpAmeliaTimeZones = [\"Africa\\\/Abidjan\",\"Africa\\\/Accra\",\"Africa\\\/Addis_Ababa\",\"Africa\\\/Algiers\",\"Africa\\\/Asmara\",\"Africa\\\/Bamako\",\"Africa\\\/Bangui\",\"Africa\\\/Banjul\",\"Africa\\\/Bissau\",\"Africa\\\/Blantyre\",\"Africa\\\/Brazzaville\",\"Africa\\\/Bujumbura\",\"Africa\\\/Cairo\",\"Africa\\\/Casablanca\",\"Africa\\\/Ceuta\",\"Africa\\\/Conakry\",\"Africa\\\/Dakar\",\"Africa\\\/Dar_es_Salaam\",\"Africa\\\/Djibouti\",\"Africa\\\/Douala\",\"Africa\\\/El_Aaiun\",\"Africa\\\/Freetown\",\"Africa\\\/Gaborone\",\"Africa\\\/Harare\",\"Africa\\\/Johannesburg\",\"Africa\\\/Juba\",\"Africa\\\/Kampala\",\"Africa\\\/Khartoum\",\"Africa\\\/Kigali\",\"Africa\\\/Kinshasa\",\"Africa\\\/Lagos\",\"Africa\\\/Libreville\",\"Africa\\\/Lome\",\"Africa\\\/Luanda\",\"Africa\\\/Lubumbashi\",\"Africa\\\/Lusaka\",\"Africa\\\/Malabo\",\"Africa\\\/Maputo\",\"Africa\\\/Maseru\",\"Africa\\\/Mbabane\",\"Africa\\\/Mogadishu\",\"Africa\\\/Monrovia\",\"Africa\\\/Nairobi\",\"Africa\\\/Ndjamena\",\"Africa\\\/Niamey\",\"Africa\\\/Nouakchott\",\"Africa\\\/Ouagadougou\",\"Africa\\\/Porto-Novo\",\"Africa\\\/Sao_Tome\",\"Africa\\\/Tripoli\",\"Africa\\\/Tunis\",\"Africa\\\/Windhoek\",\"America\\\/Adak\",\"America\\\/Anchorage\",\"America\\\/Anguilla\",\"America\\\/Antigua\",\"America\\\/Araguaina\",\"America\\\/Argentina\\\/Buenos_Aires\",\"America\\\/Argentina\\\/Catamarca\",\"America\\\/Argentina\\\/Cordoba\",\"America\\\/Argentina\\\/Jujuy\",\"America\\\/Argentina\\\/La_Rioja\",\"America\\\/Argentina\\\/Mendoza\",\"America\\\/Argentina\\\/Rio_Gallegos\",\"America\\\/Argentina\\\/Salta\",\"America\\\/Argentina\\\/San_Juan\",\"America\\\/Argentina\\\/San_Luis\",\"America\\\/Argentina\\\/Tucuman\",\"America\\\/Argentina\\\/Ushuaia\",\"America\\\/Aruba\",\"America\\\/Asuncion\",\"America\\\/Atikokan\",\"America\\\/Bahia\",\"America\\\/Bahia_Banderas\",\"America\\\/Barbados\",\"America\\\/Belem\",\"America\\\/Belize\",\"America\\\/Blanc-Sablon\",\"America\\\/Boa_Vista\",\"America\\\/Bogota\",\"America\\\/Boise\",\"America\\\/Cambridge_Bay\",\"America\\\/Campo_Grande\",\"America\\\/Cancun\",\"America\\\/Caracas\",\"America\\\/Cayenne\",\"America\\\/Cayman\",\"America\\\/Chicago\",\"America\\\/Chihuahua\",\"America\\\/Ciudad_Juarez\",\"America\\\/Costa_Rica\",\"America\\\/Creston\",\"America\\\/Cuiaba\",\"America\\\/Curacao\",\"America\\\/Danmarkshavn\",\"America\\\/Dawson\",\"America\\\/Dawson_Creek\",\"America\\\/Denver\",\"America\\\/Detroit\",\"America\\\/Dominica\",\"America\\\/Edmonton\",\"America\\\/Eirunepe\",\"America\\\/El_Salvador\",\"America\\\/Fort_Nelson\",\"America\\\/Fortaleza\",\"America\\\/Glace_Bay\",\"America\\\/Goose_Bay\",\"America\\\/Grand_Turk\",\"America\\\/Grenada\",\"America\\\/Guadeloupe\",\"America\\\/Guatemala\",\"America\\\/Guayaquil\",\"America\\\/Guyana\",\"America\\\/Halifax\",\"America\\\/Havana\",\"America\\\/Hermosillo\",\"America\\\/Indiana\\\/Indianapolis\",\"America\\\/Indiana\\\/Knox\",\"America\\\/Indiana\\\/Marengo\",\"America\\\/Indiana\\\/Petersburg\",\"America\\\/Indiana\\\/Tell_City\",\"America\\\/Indiana\\\/Vevay\",\"America\\\/Indiana\\\/Vincennes\",\"America\\\/Indiana\\\/Winamac\",\"America\\\/Inuvik\",\"America\\\/Iqaluit\",\"America\\\/Jamaica\",\"America\\\/Juneau\",\"America\\\/Kentucky\\\/Louisville\",\"America\\\/Kentucky\\\/Monticello\",\"America\\\/Kralendijk\",\"America\\\/La_Paz\",\"America\\\/Lima\",\"America\\\/Los_Angeles\",\"America\\\/Lower_Princes\",\"America\\\/Maceio\",\"America\\\/Managua\",\"America\\\/Manaus\",\"America\\\/Marigot\",\"America\\\/Martinique\",\"America\\\/Matamoros\",\"America\\\/Mazatlan\",\"America\\\/Menominee\",\"America\\\/Merida\",\"America\\\/Metlakatla\",\"America\\\/Mexico_City\",\"America\\\/Miquelon\",\"America\\\/Moncton\",\"America\\\/Monterrey\",\"America\\\/Montevideo\",\"America\\\/Montserrat\",\"America\\\/Nassau\",\"America\\\/New_York\",\"America\\\/Nome\",\"America\\\/Noronha\",\"America\\\/North_Dakota\\\/Beulah\",\"America\\\/North_Dakota\\\/Center\",\"America\\\/North_Dakota\\\/New_Salem\",\"America\\\/Nuuk\",\"America\\\/Ojinaga\",\"America\\\/Panama\",\"America\\\/Paramaribo\",\"America\\\/Phoenix\",\"America\\\/Port-au-Prince\",\"America\\\/Port_of_Spain\",\"America\\\/Porto_Velho\",\"America\\\/Puerto_Rico\",\"America\\\/Punta_Arenas\",\"America\\\/Rankin_Inlet\",\"America\\\/Recife\",\"America\\\/Regina\",\"America\\\/Resolute\",\"America\\\/Rio_Branco\",\"America\\\/Santarem\",\"America\\\/Santiago\",\"America\\\/Santo_Domingo\",\"America\\\/Sao_Paulo\",\"America\\\/Scoresbysund\",\"America\\\/Sitka\",\"America\\\/St_Barthelemy\",\"America\\\/St_Johns\",\"America\\\/St_Kitts\",\"America\\\/St_Lucia\",\"America\\\/St_Thomas\",\"America\\\/St_Vincent\",\"America\\\/Swift_Current\",\"America\\\/Tegucigalpa\",\"America\\\/Thule\",\"America\\\/Tijuana\",\"America\\\/Toronto\",\"America\\\/Tortola\",\"America\\\/Vancouver\",\"America\\\/Whitehorse\",\"America\\\/Winnipeg\",\"America\\\/Yakutat\",\"Antarctica\\\/Casey\",\"Antarctica\\\/Davis\",\"Antarctica\\\/DumontDUrville\",\"Antarctica\\\/Macquarie\",\"Antarctica\\\/Mawson\",\"Antarctica\\\/McMurdo\",\"Antarctica\\\/Palmer\",\"Antarctica\\\/Rothera\",\"Antarctica\\\/Syowa\",\"Antarctica\\\/Troll\",\"Antarctica\\\/Vostok\",\"Arctic\\\/Longyearbyen\",\"Asia\\\/Aden\",\"Asia\\\/Almaty\",\"Asia\\\/Amman\",\"Asia\\\/Anadyr\",\"Asia\\\/Aqtau\",\"Asia\\\/Aqtobe\",\"Asia\\\/Ashgabat\",\"Asia\\\/Atyrau\",\"Asia\\\/Baghdad\",\"Asia\\\/Bahrain\",\"Asia\\\/Baku\",\"Asia\\\/Bangkok\",\"Asia\\\/Barnaul\",\"Asia\\\/Beirut\",\"Asia\\\/Bishkek\",\"Asia\\\/Brunei\",\"Asia\\\/Chita\",\"Asia\\\/Colombo\",\"Asia\\\/Damascus\",\"Asia\\\/Dhaka\",\"Asia\\\/Dili\",\"Asia\\\/Dubai\",\"Asia\\\/Dushanbe\",\"Asia\\\/Famagusta\",\"Asia\\\/Gaza\",\"Asia\\\/Hebron\",\"Asia\\\/Ho_Chi_Minh\",\"Asia\\\/Hong_Kong\",\"Asia\\\/Hovd\",\"Asia\\\/Irkutsk\",\"Asia\\\/Jakarta\",\"Asia\\\/Jayapura\",\"Asia\\\/Jerusalem\",\"Asia\\\/Kabul\",\"Asia\\\/Kamchatka\",\"Asia\\\/Karachi\",\"Asia\\\/Kathmandu\",\"Asia\\\/Khandyga\",\"Asia\\\/Kolkata\",\"Asia\\\/Krasnoyarsk\",\"Asia\\\/Kuala_Lumpur\",\"Asia\\\/Kuching\",\"Asia\\\/Kuwait\",\"Asia\\\/Macau\",\"Asia\\\/Magadan\",\"Asia\\\/Makassar\",\"Asia\\\/Manila\",\"Asia\\\/Muscat\",\"Asia\\\/Nicosia\",\"Asia\\\/Novokuznetsk\",\"Asia\\\/Novosibirsk\",\"Asia\\\/Omsk\",\"Asia\\\/Oral\",\"Asia\\\/Phnom_Penh\",\"Asia\\\/Pontianak\",\"Asia\\\/Pyongyang\",\"Asia\\\/Qatar\",\"Asia\\\/Qostanay\",\"Asia\\\/Qyzylorda\",\"Asia\\\/Riyadh\",\"Asia\\\/Sakhalin\",\"Asia\\\/Samarkand\",\"Asia\\\/Seoul\",\"Asia\\\/Shanghai\",\"Asia\\\/Singapore\",\"Asia\\\/Srednekolymsk\",\"Asia\\\/Taipei\",\"Asia\\\/Tashkent\",\"Asia\\\/Tbilisi\",\"Asia\\\/Tehran\",\"Asia\\\/Thimphu\",\"Asia\\\/Tokyo\",\"Asia\\\/Tomsk\",\"Asia\\\/Ulaanbaatar\",\"Asia\\\/Urumqi\",\"Asia\\\/Ust-Nera\",\"Asia\\\/Vientiane\",\"Asia\\\/Vladivostok\",\"Asia\\\/Yakutsk\",\"Asia\\\/Yangon\",\"Asia\\\/Yekaterinburg\",\"Asia\\\/Yerevan\",\"Atlantic\\\/Azores\",\"Atlantic\\\/Bermuda\",\"Atlantic\\\/Canary\",\"Atlantic\\\/Cape_Verde\",\"Atlantic\\\/Faroe\",\"Atlantic\\\/Madeira\",\"Atlantic\\\/Reykjavik\",\"Atlantic\\\/South_Georgia\",\"Atlantic\\\/St_Helena\",\"Atlantic\\\/Stanley\",\"Australia\\\/Adelaide\",\"Australia\\\/Brisbane\",\"Australia\\\/Broken_Hill\",\"Australia\\\/Darwin\",\"Australia\\\/Eucla\",\"Australia\\\/Hobart\",\"Australia\\\/Lindeman\",\"Australia\\\/Lord_Howe\",\"Australia\\\/Melbourne\",\"Australia\\\/Perth\",\"Australia\\\/Sydney\",\"Europe\\\/Amsterdam\",\"Europe\\\/Andorra\",\"Europe\\\/Astrakhan\",\"Europe\\\/Athens\",\"Europe\\\/Belgrade\",\"Europe\\\/Berlin\",\"Europe\\\/Bratislava\",\"Europe\\\/Brussels\",\"Europe\\\/Bucharest\",\"Europe\\\/Budapest\",\"Europe\\\/Busingen\",\"Europe\\\/Chisinau\",\"Europe\\\/Copenhagen\",\"Europe\\\/Dublin\",\"Europe\\\/Gibraltar\",\"Europe\\\/Guernsey\",\"Europe\\\/Helsinki\",\"Europe\\\/Isle_of_Man\",\"Europe\\\/Istanbul\",\"Europe\\\/Jersey\",\"Europe\\\/Kaliningrad\",\"Europe\\\/Kirov\",\"Europe\\\/Kyiv\",\"Europe\\\/Lisbon\",\"Europe\\\/Ljubljana\",\"Europe\\\/London\",\"Europe\\\/Luxembourg\",\"Europe\\\/Madrid\",\"Europe\\\/Malta\",\"Europe\\\/Mariehamn\",\"Europe\\\/Minsk\",\"Europe\\\/Monaco\",\"Europe\\\/Moscow\",\"Europe\\\/Oslo\",\"Europe\\\/Paris\",\"Europe\\\/Podgorica\",\"Europe\\\/Prague\",\"Europe\\\/Riga\",\"Europe\\\/Rome\",\"Europe\\\/Samara\",\"Europe\\\/San_Marino\",\"Europe\\\/Sarajevo\",\"Europe\\\/Saratov\",\"Europe\\\/Simferopol\",\"Europe\\\/Skopje\",\"Europe\\\/Sofia\",\"Europe\\\/Stockholm\",\"Europe\\\/Tallinn\",\"Europe\\\/Tirane\",\"Europe\\\/Ulyanovsk\",\"Europe\\\/Vaduz\",\"Europe\\\/Vatican\",\"Europe\\\/Vienna\",\"Europe\\\/Vilnius\",\"Europe\\\/Volgograd\",\"Europe\\\/Warsaw\",\"Europe\\\/Zagreb\",\"Europe\\\/Zurich\",\"Indian\\\/Antananarivo\",\"Indian\\\/Chagos\",\"Indian\\\/Christmas\",\"Indian\\\/Cocos\",\"Indian\\\/Comoro\",\"Indian\\\/Kerguelen\",\"Indian\\\/Mahe\",\"Indian\\\/Maldives\",\"Indian\\\/Mauritius\",\"Indian\\\/Mayotte\",\"Indian\\\/Reunion\",\"Pacific\\\/Apia\",\"Pacific\\\/Auckland\",\"Pacific\\\/Bougainville\",\"Pacific\\\/Chatham\",\"Pacific\\\/Chuuk\",\"Pacific\\\/Easter\",\"Pacific\\\/Efate\",\"Pacific\\\/Fakaofo\",\"Pacific\\\/Fiji\",\"Pacific\\\/Funafuti\",\"Pacific\\\/Galapagos\",\"Pacific\\\/Gambier\",\"Pacific\\\/Guadalcanal\",\"Pacific\\\/Guam\",\"Pacific\\\/Honolulu\",\"Pacific\\\/Kanton\",\"Pacific\\\/Kiritimati\",\"Pacific\\\/Kosrae\",\"Pacific\\\/Kwajalein\",\"Pacific\\\/Majuro\",\"Pacific\\\/Marquesas\",\"Pacific\\\/Midway\",\"Pacific\\\/Nauru\",\"Pacific\\\/Niue\",\"Pacific\\\/Norfolk\",\"Pacific\\\/Noumea\",\"Pacific\\\/Pago_Pago\",\"Pacific\\\/Palau\",\"Pacific\\\/Pitcairn\",\"Pacific\\\/Pohnpei\",\"Pacific\\\/Port_Moresby\",\"Pacific\\\/Rarotonga\",\"Pacific\\\/Saipan\",\"Pacific\\\/Tahiti\",\"Pacific\\\/Tarawa\",\"Pacific\\\/Tongatapu\",\"Pacific\\\/Wake\",\"Pacific\\\/Wallis\",\"UTC\"];  var bookingEntitiesIds = (typeof bookingEntitiesIds === 'undefined') ? [] : bookingEntitiesIds;\n  bookingEntitiesIds.push(\n    {\n      'hasApiCall': 1,\n      'trigger': '',\n      'counter': '0',\n      'cabinetType': 'customer',\n      'appointments': '1',\n      'events': '',\n    }\n  );\n<\/script>\n\n    <script>\n      var lazyBookingEntitiesIds = (typeof lazyBookingEntitiesIds === 'undefined') ? [] : lazyBookingEntitiesIds;\n      if (bookingEntitiesIds[bookingEntitiesIds.length - 1].trigger !== '') {\n        lazyBookingEntitiesIds.push(bookingEntitiesIds.pop());\n      }\n    <\/script>\n\n    <div\n        id=\"amelia-app-booking0\"\n        class=\"amelia-cabinet amelia-frontend amelia-app-booking\"\n    >\n        <cabinet :cabinet-type=\"'customer'\"><\/cabinet>\n    <\/div>\n\n\t\t\t\t<\/div>\n\t\t\t<\/div>IMPORTANTE: * Algunos estados de las reservas: Aprobado: Esta reserva ha sido aprobada al contar con tu pago, deber\u00e1s presentarte en la fecha y hora programada. Pendiente: Tienes un reserva hecha a [&hellip;]<\/p>\n","protected":false},"author":477,"featured_media":0,"parent":0,"menu_order":0,"comment_status":"closed","ping_status":"closed","template":"","meta":{"_et_pb_use_builder":"on","_et_pb_old_content":"","_et_gb_content_width":"","footnotes":""},"class_list":["post-265","page","type-page","status-publish","hentry"],"_links":{"self":[{"href":"https:\/\/culturebody.com.mx\/zonareal\/wp-json\/wp\/v2\/pages\/265","targetHints":{"allow":["GET"]}}],"collection":[{"href":"https:\/\/culturebody.com.mx\/zonareal\/wp-json\/wp\/v2\/pages"}],"about":[{"href":"https:\/\/culturebody.com.mx\/zonareal\/wp-json\/wp\/v2\/types\/page"}],"author":[{"embeddable":true,"href":"https:\/\/culturebody.com.mx\/zonareal\/wp-json\/wp\/v2\/users\/477"}],"replies":[{"embeddable":true,"href":"https:\/\/culturebody.com.mx\/zonareal\/wp-json\/wp\/v2\/comments?post=265"}],"version-history":[{"count":34,"href":"https:\/\/culturebody.com.mx\/zonareal\/wp-json\/wp\/v2\/pages\/265\/revisions"}],"predecessor-version":[{"id":987501763,"href":"https:\/\/culturebody.com.mx\/zonareal\/wp-json\/wp\/v2\/pages\/265\/revisions\/987501763"}],"wp:attachment":[{"href":"https:\/\/culturebody.com.mx\/zonareal\/wp-json\/wp\/v2\/media?parent=265"}],"curies":[{"name":"wp","href":"https:\/\/api.w.org\/{rel}","templated":true}]}}